{"id":19,"date":"2024-02-18T20:48:59","date_gmt":"2024-02-18T19:48:59","guid":{"rendered":"https:\/\/alenm16.sg-host.com\/?page_id=19"},"modified":"2024-08-28T19:05:24","modified_gmt":"2024-08-28T17:05:24","slug":"dogadaji","status":"publish","type":"page","link":"https:\/\/paligopalata.rs\/en_gb\/dogadaji\/","title":{"rendered":"Events"},"content":{"rendered":"<script>\r\n  document.addEventListener(\"DOMContentLoaded\", function() {\r\n    const elements = document.querySelectorAll('.hero');\r\n\r\n    elements.forEach(element => {\r\n      const sibling = element.nextElementSibling;\r\n      if (sibling !== null) {\r\n        sibling.id = 'sibling-after-hero';\r\n      }\r\n    });\r\n  });\r\n<\/script>\r\n\r\n  <section class=\"hero wp-block-paligopalata-hero\" style='background: linear-gradient(          0deg,          rgba(0, 0, 0, 0.4) 0%,          rgba(0, 0, 0, 0.4) 100%        ),        radial-gradient(          50% 50% at 50% 50%,          rgba(0, 0, 0, 0) 0%,          rgba(0, 0, 0, 0.12) 100%        ),        url(https:\/\/paligopalata.rs\/wp-content\/uploads\/2024\/03\/paligo_zurka-scaled-1.jpg),        lightgray 50% \/ cover no-repeat; background-size: cover;        background-position: center center;        background-repeat: no-repeat;'\r\n        >\r\n          <div class='overlay only-mobile-video'>\r\n        <video autoplay loop muted playsinline preload=\"auto\">\r\n          <source src=\"https:\/\/paligopalata.rs\/wp-content\/uploads\/2024\/06\/zurke-video.mp4\" type=\"video\/mp4\" \/>\r\n          Your browser does not support the video tag.\r\n        <\/video>\r\n      <\/div>\r\n        <div class=\"container\">\r\n      <img src=\"https:\/\/paligopalata.rs\/wp-content\/themes\/paligopalata\/assets\/images\/paligo-text-white.svg\" height=\"140\" width=\"360\" alt=\"Paligo Palata Text Logo\" \/>\r\n      \n\n<h1 class=\"wp-block-paligopalata-generic-heading generic-heading theme-white-color highlight-color-gold\">Events<\/h1>\n\n\n\n<p class=\"wp-block-paligopalata-generic-content generic-content theme-white-color text-normal\">Music, taste, enjoyment - experience the best moments with us.<\/p>\n\n          <\/div>  \r\n    <a href=\"#sibling-after-hero\" class=\"explore-button\">\r\n      EXPLORE\r\n    <\/a>\r\n  <\/section>  \n\n\r\n<section class='slideshow-section'>\r\n  <div class='container container-full-width'>\r\n    <div class='swiper'>\r\n      <div class='swiper-wrapper'>\r\n              <\/div>\r\n      <div class=\"swiper-pagination\"><\/div>\r\n    <\/div>\r\n  <\/div>\r\n<\/section>\n\n\r\n<section class=\"text-section theme-white-background-color wp-block-paligopalata-text-section\">\r\n  <div class='container container-full-width'>\r\n    <div class='text-section-image'>\r\n      <img\r\n        src=\"https:\/\/paligopalata.rs\/wp-content\/uploads\/2024\/04\/paligo-zurka-1.jpeg\"\r\n        srcset=\"https:\/\/paligopalata.rs\/wp-content\/uploads\/2024\/04\/paligo-zurka-1.jpeg 972w, https:\/\/paligopalata.rs\/wp-content\/uploads\/2024\/04\/paligo-zurka-1-300x200.jpeg 300w, https:\/\/paligopalata.rs\/wp-content\/uploads\/2024\/04\/paligo-zurka-1-768x512.jpeg 768w, https:\/\/paligopalata.rs\/wp-content\/uploads\/2024\/04\/paligo-zurka-1-700x467.jpeg 700w, https:\/\/paligopalata.rs\/wp-content\/uploads\/2024\/04\/paligo-zurka-1-128x85.jpeg 128w\"\r\n        sizes=\"auto, (max-width: 972px) 100vw, 972px\"\r\n        alt=\"\"\r\n        width=\"800\"\r\n        height=\"800\"\r\n        loading=\"lazy\"\r\n        decoding=\"async\"\r\n      \/>\r\n    <\/div>\r\n    <div class=\"text-section-content\">\r\n      \n\n<h2 class=\"wp-block-paligopalata-generic-heading generic-heading theme-brown-color highlight-color-gold\">Parties to remember<\/h2>\n\n\n\n<p class=\"wp-block-paligopalata-generic-content generic-content theme-brown-color text-normal\">In our restaurant, entertainment knows no limits. Experience unforgettable nights with fantastic parties. From pulsating DJ sets and Latin rhythms to performances by renowned artists of both local and international hits. The perfect place for those seeking adventure, great vibes, and an excellent selection of culinary delights and quality drinks. Reserve your spot today and join the best parties in town!<\/p>\n\n    <\/div>\r\n  <\/div>\r\n<\/section>\n\n\r\n<section class=\"text-section text-section-reverse theme-white-background-color wp-block-paligopalata-text-section\">\r\n  <div class='container container-full-width'>\r\n    <div class='text-section-image'>\r\n      <img\r\n        src=\"https:\/\/paligopalata.rs\/wp-content\/uploads\/2024\/04\/miroslav-ilic.jpeg\"\r\n        srcset=\"https:\/\/paligopalata.rs\/wp-content\/uploads\/2024\/04\/miroslav-ilic.jpeg 1280w, https:\/\/paligopalata.rs\/wp-content\/uploads\/2024\/04\/miroslav-ilic-300x199.jpeg 300w, https:\/\/paligopalata.rs\/wp-content\/uploads\/2024\/04\/miroslav-ilic-1024x680.jpeg 1024w, https:\/\/paligopalata.rs\/wp-content\/uploads\/2024\/04\/miroslav-ilic-768x510.jpeg 768w, https:\/\/paligopalata.rs\/wp-content\/uploads\/2024\/04\/miroslav-ilic-700x465.jpeg 700w, https:\/\/paligopalata.rs\/wp-content\/uploads\/2024\/04\/miroslav-ilic-128x85.jpeg 128w\"\r\n        sizes=\"auto, (max-width: 1280px) 100vw, 1280px\"\r\n        alt=\"\"\r\n        width=\"800\"\r\n        height=\"800\"\r\n        loading=\"lazy\"\r\n        decoding=\"async\"\r\n      \/>\r\n    <\/div>\r\n    <div class=\"text-section-content\">\r\n      \n\n<h2 class=\"wp-block-paligopalata-generic-heading generic-heading theme-brown-color highlight-color-gold\">Exclusive performers<\/h2>\n\n\n\n<p class=\"wp-block-paligopalata-generic-content generic-content theme-brown-color text-normal\">Continuing the tradition started last year, we are preparing big surprises for you this year and we are in negotiations for exclusive performances by some of the biggest names of the domestic and regional scene. Follow our website and social networks to be among the first to find out what we have prepared for you for the upcoming summer season.<\/p>\n\n    <\/div>\r\n  <\/div>\r\n<\/section>\n\n\r\n<section class=\"text-section theme-gold-background-color wp-block-paligopalata-text-section\">\r\n  <div class='container container-full-width'>\r\n    <div class='text-section-image'>\r\n      <img\r\n        src=\"https:\/\/paligopalata.rs\/wp-content\/uploads\/2024\/04\/rezervacije-zurka-1.jpeg\"\r\n        srcset=\"https:\/\/paligopalata.rs\/wp-content\/uploads\/2024\/04\/rezervacije-zurka-1.jpeg 1280w, https:\/\/paligopalata.rs\/wp-content\/uploads\/2024\/04\/rezervacije-zurka-1-300x200.jpeg 300w, https:\/\/paligopalata.rs\/wp-content\/uploads\/2024\/04\/rezervacije-zurka-1-1024x682.jpeg 1024w, https:\/\/paligopalata.rs\/wp-content\/uploads\/2024\/04\/rezervacije-zurka-1-768x512.jpeg 768w, https:\/\/paligopalata.rs\/wp-content\/uploads\/2024\/04\/rezervacije-zurka-1-700x466.jpeg 700w, https:\/\/paligopalata.rs\/wp-content\/uploads\/2024\/04\/rezervacije-zurka-1-128x85.jpeg 128w\"\r\n        sizes=\"auto, (max-width: 1280px) 100vw, 1280px\"\r\n        alt=\"\"\r\n        width=\"800\"\r\n        height=\"800\"\r\n        loading=\"lazy\"\r\n        decoding=\"async\"\r\n      \/>\r\n    <\/div>\r\n    <div class=\"text-section-content\">\r\n      \n\n<h2 class=\"wp-block-paligopalata-generic-heading generic-heading theme-brown-color highlight-color-gold\">PALIGO PALATA<\/h2>\n\n\n\n<p class=\"wp-block-paligopalata-generic-content generic-content theme-brown-color text-normal\">Horgo\u0161ki Put 85, Pali\u0107 24413 Serbia<\/p>\n\n\n\n<p class=\"wp-block-paligopalata-generic-content generic-content theme-brown-color text-normal\">+381 66 6530379 \u2022 +381 66 6530381 \u2022 office.paligopalata@gmail.com<\/p>\n\n\n\n<a class=\"wp-block-paligopalata-generic-button cta theme-brown-color theme-brown-btn-border-color theme-brown-arrow-color\" href=\"https:\/\/paligopalata.rs\/en_gb\/rezervacije\/\" target=\"_self\" rel=\"noopener\"><svg xmlns=\"http:\/\/www.w3.org\/2000\/svg\" fill=\"none\" viewbox=\"0 0 16 14\"><path stroke=\"#492110\" d=\"M10.667 0c0 .742.488 1.85.983 2.78.636 1.2 1.396 2.247 2.267 3.046C14.571 6.425 15.363 7 16 7m0 0c-.637 0-1.43.575-2.083 1.174-.871.8-1.631 1.847-2.267 3.045-.495.931-.983 2.041-.983 2.781M16 7H0\"><\/path><\/svg> <span>Reservations<\/span><\/a>\n\n    <\/div>\r\n  <\/div>\r\n<\/section>","protected":false},"excerpt":{"rendered":"","protected":false},"author":1,"featured_media":0,"parent":0,"menu_order":0,"comment_status":"closed","ping_status":"closed","template":"","meta":{"_acf_changed":false,"footnotes":""},"class_list":["post-19","page","type-page","status-publish","hentry"],"acf":[],"yoast_head":"<!-- This site is optimized with the Yoast SEO plugin v26.6 - https:\/\/yoast.com\/wordpress\/plugins\/seo\/ -->\n<title>Doga\u0111aji - PaligoPalata<\/title>\n<meta name=\"description\" content=\"Muzika, ukus, u\u017eivanje Do\u017eivite nezaboravne no\u0107i uz vrhunske \u017eurke \u2013 od pulsiraju\u0107ih DJ setova do poznatih izvodja\u010da doma\u0107ih i stranih hitova.\" \/>\n<meta name=\"robots\" content=\"index, follow, max-snippet:-1, max-image-preview:large, max-video-preview:-1\" \/>\n<link rel=\"canonical\" href=\"https:\/\/paligopalata.rs\/en_gb\/dogadaji\/\" \/>\n<meta property=\"og:locale\" content=\"en_GB\" \/>\n<meta property=\"og:type\" content=\"article\" \/>\n<meta property=\"og:title\" content=\"Doga\u0111aji - PaligoPalata\" \/>\n<meta property=\"og:description\" content=\"Muzika, ukus, u\u017eivanje Do\u017eivite nezaboravne no\u0107i uz vrhunske \u017eurke \u2013 od pulsiraju\u0107ih DJ setova do poznatih izvodja\u010da doma\u0107ih i stranih hitova.\" \/>\n<meta property=\"og:url\" content=\"https:\/\/paligopalata.rs\/en_gb\/dogadaji\/\" \/>\n<meta property=\"og:site_name\" content=\"PaligoPalata\" \/>\n<meta property=\"article:publisher\" content=\"https:\/\/www.facebook.com\/paligopalata\" \/>\n<meta property=\"article:modified_time\" content=\"2024-08-28T17:05:24+00:00\" \/>\n<meta name=\"twitter:card\" content=\"summary_large_image\" \/>\n<meta name=\"twitter:label1\" content=\"Estimated reading time\" \/>\n\t<meta name=\"twitter:data1\" content=\"1 minute\" \/>\n<script type=\"application\/ld+json\" class=\"yoast-schema-graph\">{\"@context\":\"https:\/\/schema.org\",\"@graph\":[{\"@type\":\"WebPage\",\"@id\":\"https:\/\/paligopalata.rs\/dogadaji\/\",\"url\":\"https:\/\/paligopalata.rs\/dogadaji\/\",\"name\":\"Doga\u0111aji - PaligoPalata\",\"isPartOf\":{\"@id\":\"https:\/\/paligopalata.rs\/#website\"},\"datePublished\":\"2024-02-18T19:48:59+00:00\",\"dateModified\":\"2024-08-28T17:05:24+00:00\",\"description\":\"Muzika, ukus, u\u017eivanje Do\u017eivite nezaboravne no\u0107i uz vrhunske \u017eurke \u2013 od pulsiraju\u0107ih DJ setova do poznatih izvodja\u010da doma\u0107ih i stranih hitova.\",\"breadcrumb\":{\"@id\":\"https:\/\/paligopalata.rs\/dogadaji\/#breadcrumb\"},\"inLanguage\":\"en-GB\",\"potentialAction\":[{\"@type\":\"ReadAction\",\"target\":[\"https:\/\/paligopalata.rs\/dogadaji\/\"]}]},{\"@type\":\"BreadcrumbList\",\"@id\":\"https:\/\/paligopalata.rs\/dogadaji\/#breadcrumb\",\"itemListElement\":[{\"@type\":\"ListItem\",\"position\":1,\"name\":\"Home\",\"item\":\"https:\/\/paligopalata.rs\/\"},{\"@type\":\"ListItem\",\"position\":2,\"name\":\"Doga\u0111aji\"}]},{\"@type\":\"WebSite\",\"@id\":\"https:\/\/paligopalata.rs\/#website\",\"url\":\"https:\/\/paligopalata.rs\/\",\"name\":\"Paligo Palata\",\"description\":\"Restoran\",\"publisher\":{\"@id\":\"https:\/\/paligopalata.rs\/#organization\"},\"potentialAction\":[{\"@type\":\"SearchAction\",\"target\":{\"@type\":\"EntryPoint\",\"urlTemplate\":\"https:\/\/paligopalata.rs\/?s={search_term_string}\"},\"query-input\":{\"@type\":\"PropertyValueSpecification\",\"valueRequired\":true,\"valueName\":\"search_term_string\"}}],\"inLanguage\":\"en-GB\"},{\"@type\":\"Organization\",\"@id\":\"https:\/\/paligopalata.rs\/#organization\",\"name\":\"Paligo Palata\",\"url\":\"https:\/\/paligopalata.rs\/\",\"logo\":{\"@type\":\"ImageObject\",\"inLanguage\":\"en-GB\",\"@id\":\"https:\/\/paligopalata.rs\/#\/schema\/logo\/image\/\",\"url\":\"https:\/\/paligopalata.rs\/wp-content\/uploads\/2024\/04\/paligo-palata-full.png\",\"contentUrl\":\"https:\/\/paligopalata.rs\/wp-content\/uploads\/2024\/04\/paligo-palata-full.png\",\"width\":500,\"height\":333,\"caption\":\"Paligo Palata\"},\"image\":{\"@id\":\"https:\/\/paligopalata.rs\/#\/schema\/logo\/image\/\"},\"sameAs\":[\"https:\/\/www.facebook.com\/paligopalata\",\"https:\/\/www.instagram.com\/paligo.palata\/\"]}]}<\/script>\n<!-- \/ Yoast SEO plugin. -->","yoast_head_json":{"title":"Doga\u0111aji - PaligoPalata","description":"Muzika, ukus, u\u017eivanje Do\u017eivite nezaboravne no\u0107i uz vrhunske \u017eurke \u2013 od pulsiraju\u0107ih DJ setova do poznatih izvodja\u010da doma\u0107ih i stranih hitova.","robots":{"index":"index","follow":"follow","max-snippet":"max-snippet:-1","max-image-preview":"max-image-preview:large","max-video-preview":"max-video-preview:-1"},"canonical":"https:\/\/paligopalata.rs\/en_gb\/dogadaji\/","og_locale":"en_GB","og_type":"article","og_title":"Doga\u0111aji - PaligoPalata","og_description":"Muzika, ukus, u\u017eivanje Do\u017eivite nezaboravne no\u0107i uz vrhunske \u017eurke \u2013 od pulsiraju\u0107ih DJ setova do poznatih izvodja\u010da doma\u0107ih i stranih hitova.","og_url":"https:\/\/paligopalata.rs\/en_gb\/dogadaji\/","og_site_name":"PaligoPalata","article_publisher":"https:\/\/www.facebook.com\/paligopalata","article_modified_time":"2024-08-28T17:05:24+00:00","twitter_card":"summary_large_image","twitter_misc":{"Estimated reading time":"1 minute"},"schema":{"@context":"https:\/\/schema.org","@graph":[{"@type":"WebPage","@id":"https:\/\/paligopalata.rs\/dogadaji\/","url":"https:\/\/paligopalata.rs\/dogadaji\/","name":"Doga\u0111aji - PaligoPalata","isPartOf":{"@id":"https:\/\/paligopalata.rs\/#website"},"datePublished":"2024-02-18T19:48:59+00:00","dateModified":"2024-08-28T17:05:24+00:00","description":"Muzika, ukus, u\u017eivanje Do\u017eivite nezaboravne no\u0107i uz vrhunske \u017eurke \u2013 od pulsiraju\u0107ih DJ setova do poznatih izvodja\u010da doma\u0107ih i stranih hitova.","breadcrumb":{"@id":"https:\/\/paligopalata.rs\/dogadaji\/#breadcrumb"},"inLanguage":"en-GB","potentialAction":[{"@type":"ReadAction","target":["https:\/\/paligopalata.rs\/dogadaji\/"]}]},{"@type":"BreadcrumbList","@id":"https:\/\/paligopalata.rs\/dogadaji\/#breadcrumb","itemListElement":[{"@type":"ListItem","position":1,"name":"Home","item":"https:\/\/paligopalata.rs\/"},{"@type":"ListItem","position":2,"name":"Doga\u0111aji"}]},{"@type":"WebSite","@id":"https:\/\/paligopalata.rs\/#website","url":"https:\/\/paligopalata.rs\/","name":"Paligo Palata","description":"Restaurant","publisher":{"@id":"https:\/\/paligopalata.rs\/#organization"},"potentialAction":[{"@type":"SearchAction","target":{"@type":"EntryPoint","urlTemplate":"https:\/\/paligopalata.rs\/?s={search_term_string}"},"query-input":{"@type":"PropertyValueSpecification","valueRequired":true,"valueName":"search_term_string"}}],"inLanguage":"en-GB"},{"@type":"Organization","@id":"https:\/\/paligopalata.rs\/#organization","name":"Paligo Palata","url":"https:\/\/paligopalata.rs\/","logo":{"@type":"ImageObject","inLanguage":"en-GB","@id":"https:\/\/paligopalata.rs\/#\/schema\/logo\/image\/","url":"https:\/\/paligopalata.rs\/wp-content\/uploads\/2024\/04\/paligo-palata-full.png","contentUrl":"https:\/\/paligopalata.rs\/wp-content\/uploads\/2024\/04\/paligo-palata-full.png","width":500,"height":333,"caption":"Paligo Palata"},"image":{"@id":"https:\/\/paligopalata.rs\/#\/schema\/logo\/image\/"},"sameAs":["https:\/\/www.facebook.com\/paligopalata","https:\/\/www.instagram.com\/paligo.palata\/"]}]}},"_links":{"self":[{"href":"https:\/\/paligopalata.rs\/en_gb\/wp-json\/wp\/v2\/pages\/19","targetHints":{"allow":["GET"]}}],"collection":[{"href":"https:\/\/paligopalata.rs\/en_gb\/wp-json\/wp\/v2\/pages"}],"about":[{"href":"https:\/\/paligopalata.rs\/en_gb\/wp-json\/wp\/v2\/types\/page"}],"author":[{"embeddable":true,"href":"https:\/\/paligopalata.rs\/en_gb\/wp-json\/wp\/v2\/users\/1"}],"replies":[{"embeddable":true,"href":"https:\/\/paligopalata.rs\/en_gb\/wp-json\/wp\/v2\/comments?post=19"}],"version-history":[{"count":15,"href":"https:\/\/paligopalata.rs\/en_gb\/wp-json\/wp\/v2\/pages\/19\/revisions"}],"predecessor-version":[{"id":989341,"href":"https:\/\/paligopalata.rs\/en_gb\/wp-json\/wp\/v2\/pages\/19\/revisions\/989341"}],"wp:attachment":[{"href":"https:\/\/paligopalata.rs\/en_gb\/wp-json\/wp\/v2\/media?parent=19"}],"curies":[{"name":"wp","href":"https:\/\/api.w.org\/{rel}","templated":true}]}}