{"id":25,"date":"2024-02-18T20:50:00","date_gmt":"2024-02-18T19:50:00","guid":{"rendered":"https:\/\/alenm16.sg-host.com\/?page_id=25"},"modified":"2024-04-07T17:36:31","modified_gmt":"2024-04-07T15:36:31","slug":"rezervacije","status":"publish","type":"page","link":"https:\/\/paligopalata.rs\/en_gb\/rezervacije\/","title":{"rendered":"Reservations"},"content":{"rendered":"","protected":false},"excerpt":{"rendered":"","protected":false},"author":1,"featured_media":0,"parent":0,"menu_order":0,"comment_status":"closed","ping_status":"closed","template":"reservations","meta":{"_acf_changed":false,"footnotes":""},"class_list":["post-25","page","type-page","status-publish","hentry"],"acf":[],"yoast_head":"<!-- This site is optimized with the Yoast SEO plugin v26.6 - https:\/\/yoast.com\/wordpress\/plugins\/seo\/ -->\n<title>Rezervacije - PaligoPalata<\/title>\n<meta name=\"description\" content=\"Rezervi\u0161ite svoje mesto u na\u0161em restoranu brzo i jednostavno. Osigurajte svoje mesto i u\u017eivajte u vrhunskoj usluzi i gastronomiji koju nudimo.\" \/>\n<meta name=\"robots\" content=\"index, follow, max-snippet:-1, max-image-preview:large, max-video-preview:-1\" \/>\n<link rel=\"canonical\" href=\"https:\/\/paligopalata.rs\/en_gb\/rezervacije\/\" \/>\n<meta property=\"og:locale\" content=\"en_GB\" \/>\n<meta property=\"og:type\" content=\"article\" \/>\n<meta property=\"og:title\" content=\"Rezervacije - PaligoPalata\" \/>\n<meta property=\"og:description\" content=\"Rezervi\u0161ite svoje mesto u na\u0161em restoranu brzo i jednostavno. Osigurajte svoje mesto i u\u017eivajte u vrhunskoj usluzi i gastronomiji koju nudimo.\" \/>\n<meta property=\"og:url\" content=\"https:\/\/paligopalata.rs\/en_gb\/rezervacije\/\" \/>\n<meta property=\"og:site_name\" content=\"PaligoPalata\" \/>\n<meta property=\"article:publisher\" content=\"https:\/\/www.facebook.com\/paligopalata\" \/>\n<meta property=\"article:modified_time\" content=\"2024-04-07T15:36:31+00:00\" \/>\n<meta name=\"twitter:card\" content=\"summary_large_image\" \/>\n<script type=\"application\/ld+json\" class=\"yoast-schema-graph\">{\"@context\":\"https:\/\/schema.org\",\"@graph\":[{\"@type\":\"WebPage\",\"@id\":\"https:\/\/paligopalata.rs\/rezervacije\/\",\"url\":\"https:\/\/paligopalata.rs\/rezervacije\/\",\"name\":\"Rezervacije - PaligoPalata\",\"isPartOf\":{\"@id\":\"https:\/\/paligopalata.rs\/#website\"},\"datePublished\":\"2024-02-18T19:50:00+00:00\",\"dateModified\":\"2024-04-07T15:36:31+00:00\",\"description\":\"Rezervi\u0161ite svoje mesto u na\u0161em restoranu brzo i jednostavno. Osigurajte svoje mesto i u\u017eivajte u vrhunskoj usluzi i gastronomiji koju nudimo.\",\"breadcrumb\":{\"@id\":\"https:\/\/paligopalata.rs\/rezervacije\/#breadcrumb\"},\"inLanguage\":\"en-GB\",\"potentialAction\":[{\"@type\":\"ReadAction\",\"target\":[\"https:\/\/paligopalata.rs\/rezervacije\/\"]}]},{\"@type\":\"BreadcrumbList\",\"@id\":\"https:\/\/paligopalata.rs\/rezervacije\/#breadcrumb\",\"itemListElement\":[{\"@type\":\"ListItem\",\"position\":1,\"name\":\"Home\",\"item\":\"https:\/\/paligopalata.rs\/\"},{\"@type\":\"ListItem\",\"position\":2,\"name\":\"Rezervacije\"}]},{\"@type\":\"WebSite\",\"@id\":\"https:\/\/paligopalata.rs\/#website\",\"url\":\"https:\/\/paligopalata.rs\/\",\"name\":\"Paligo Palata\",\"description\":\"Restoran\",\"publisher\":{\"@id\":\"https:\/\/paligopalata.rs\/#organization\"},\"potentialAction\":[{\"@type\":\"SearchAction\",\"target\":{\"@type\":\"EntryPoint\",\"urlTemplate\":\"https:\/\/paligopalata.rs\/?s={search_term_string}\"},\"query-input\":{\"@type\":\"PropertyValueSpecification\",\"valueRequired\":true,\"valueName\":\"search_term_string\"}}],\"inLanguage\":\"en-GB\"},{\"@type\":\"Organization\",\"@id\":\"https:\/\/paligopalata.rs\/#organization\",\"name\":\"Paligo Palata\",\"url\":\"https:\/\/paligopalata.rs\/\",\"logo\":{\"@type\":\"ImageObject\",\"inLanguage\":\"en-GB\",\"@id\":\"https:\/\/paligopalata.rs\/#\/schema\/logo\/image\/\",\"url\":\"https:\/\/paligopalata.rs\/wp-content\/uploads\/2024\/04\/paligo-palata-full.png\",\"contentUrl\":\"https:\/\/paligopalata.rs\/wp-content\/uploads\/2024\/04\/paligo-palata-full.png\",\"width\":500,\"height\":333,\"caption\":\"Paligo Palata\"},\"image\":{\"@id\":\"https:\/\/paligopalata.rs\/#\/schema\/logo\/image\/\"},\"sameAs\":[\"https:\/\/www.facebook.com\/paligopalata\",\"https:\/\/www.instagram.com\/paligo.palata\/\"]}]}<\/script>\n<!-- \/ Yoast SEO plugin. -->","yoast_head_json":{"title":"Rezervacije - PaligoPalata","description":"Rezervi\u0161ite svoje mesto u na\u0161em restoranu brzo i jednostavno. Osigurajte svoje mesto i u\u017eivajte u vrhunskoj usluzi i gastronomiji koju nudimo.","robots":{"index":"index","follow":"follow","max-snippet":"max-snippet:-1","max-image-preview":"max-image-preview:large","max-video-preview":"max-video-preview:-1"},"canonical":"https:\/\/paligopalata.rs\/en_gb\/rezervacije\/","og_locale":"en_GB","og_type":"article","og_title":"Rezervacije - PaligoPalata","og_description":"Rezervi\u0161ite svoje mesto u na\u0161em restoranu brzo i jednostavno. Osigurajte svoje mesto i u\u017eivajte u vrhunskoj usluzi i gastronomiji koju nudimo.","og_url":"https:\/\/paligopalata.rs\/en_gb\/rezervacije\/","og_site_name":"PaligoPalata","article_publisher":"https:\/\/www.facebook.com\/paligopalata","article_modified_time":"2024-04-07T15:36:31+00:00","twitter_card":"summary_large_image","schema":{"@context":"https:\/\/schema.org","@graph":[{"@type":"WebPage","@id":"https:\/\/paligopalata.rs\/rezervacije\/","url":"https:\/\/paligopalata.rs\/rezervacije\/","name":"Rezervacije - PaligoPalata","isPartOf":{"@id":"https:\/\/paligopalata.rs\/#website"},"datePublished":"2024-02-18T19:50:00+00:00","dateModified":"2024-04-07T15:36:31+00:00","description":"Rezervi\u0161ite svoje mesto u na\u0161em restoranu brzo i jednostavno. Osigurajte svoje mesto i u\u017eivajte u vrhunskoj usluzi i gastronomiji koju nudimo.","breadcrumb":{"@id":"https:\/\/paligopalata.rs\/rezervacije\/#breadcrumb"},"inLanguage":"en-GB","potentialAction":[{"@type":"ReadAction","target":["https:\/\/paligopalata.rs\/rezervacije\/"]}]},{"@type":"BreadcrumbList","@id":"https:\/\/paligopalata.rs\/rezervacije\/#breadcrumb","itemListElement":[{"@type":"ListItem","position":1,"name":"Home","item":"https:\/\/paligopalata.rs\/"},{"@type":"ListItem","position":2,"name":"Rezervacije"}]},{"@type":"WebSite","@id":"https:\/\/paligopalata.rs\/#website","url":"https:\/\/paligopalata.rs\/","name":"Paligo Palata","description":"Restaurant","publisher":{"@id":"https:\/\/paligopalata.rs\/#organization"},"potentialAction":[{"@type":"SearchAction","target":{"@type":"EntryPoint","urlTemplate":"https:\/\/paligopalata.rs\/?s={search_term_string}"},"query-input":{"@type":"PropertyValueSpecification","valueRequired":true,"valueName":"search_term_string"}}],"inLanguage":"en-GB"},{"@type":"Organization","@id":"https:\/\/paligopalata.rs\/#organization","name":"Paligo Palata","url":"https:\/\/paligopalata.rs\/","logo":{"@type":"ImageObject","inLanguage":"en-GB","@id":"https:\/\/paligopalata.rs\/#\/schema\/logo\/image\/","url":"https:\/\/paligopalata.rs\/wp-content\/uploads\/2024\/04\/paligo-palata-full.png","contentUrl":"https:\/\/paligopalata.rs\/wp-content\/uploads\/2024\/04\/paligo-palata-full.png","width":500,"height":333,"caption":"Paligo Palata"},"image":{"@id":"https:\/\/paligopalata.rs\/#\/schema\/logo\/image\/"},"sameAs":["https:\/\/www.facebook.com\/paligopalata","https:\/\/www.instagram.com\/paligo.palata\/"]}]}},"_links":{"self":[{"href":"https:\/\/paligopalata.rs\/en_gb\/wp-json\/wp\/v2\/pages\/25","targetHints":{"allow":["GET"]}}],"collection":[{"href":"https:\/\/paligopalata.rs\/en_gb\/wp-json\/wp\/v2\/pages"}],"about":[{"href":"https:\/\/paligopalata.rs\/en_gb\/wp-json\/wp\/v2\/types\/page"}],"author":[{"embeddable":true,"href":"https:\/\/paligopalata.rs\/en_gb\/wp-json\/wp\/v2\/users\/1"}],"replies":[{"embeddable":true,"href":"https:\/\/paligopalata.rs\/en_gb\/wp-json\/wp\/v2\/comments?post=25"}],"version-history":[{"count":1,"href":"https:\/\/paligopalata.rs\/en_gb\/wp-json\/wp\/v2\/pages\/25\/revisions"}],"predecessor-version":[{"id":989070,"href":"https:\/\/paligopalata.rs\/en_gb\/wp-json\/wp\/v2\/pages\/25\/revisions\/989070"}],"wp:attachment":[{"href":"https:\/\/paligopalata.rs\/en_gb\/wp-json\/wp\/v2\/media?parent=25"}],"curies":[{"name":"wp","href":"https:\/\/api.w.org\/{rel}","templated":true}]}}